{"id":6023,"date":"2023-07-03T12:06:51","date_gmt":"2023-07-03T12:06:51","guid":{"rendered":"https:\/\/javierjames.com\/?page_id=6023"},"modified":"2023-07-03T12:26:16","modified_gmt":"2023-07-03T12:26:16","slug":"politica-de-privacidad","status":"publish","type":"page","link":"https:\/\/javierjames.com\/es\/politica-de-privacidad\/","title":{"rendered":"Pol\u00edtica de privacidad"},"content":{"rendered":"\t\t<div data-elementor-type=\"wp-page\" data-elementor-id=\"6023\" class=\"elementor elementor-6023 elementor-6022\">\n\t\t\t\t\t\t<section class=\"elementor-section elementor-top-section elementor-element elementor-element-57924c7 elementor-section-boxed elementor-section-height-default elementor-section-height-default\" data-id=\"57924c7\" data-element_type=\"section\" data-settings=\"{&quot;background_background&quot;:&quot;classic&quot;}\">\n\t\t\t\t\t\t<div class=\"elementor-container elementor-column-gap-default\">\n\t\t\t\t\t<div class=\"elementor-column elementor-col-100 elementor-top-column elementor-element elementor-element-b6df40d\" data-id=\"b6df40d\" data-element_type=\"column\">\n\t\t\t<div class=\"elementor-widget-wrap elementor-element-populated\">\n\t\t\t\t\t\t<div class=\"elementor-element elementor-element-130b57d elementor-widget elementor-widget-heading\" data-id=\"130b57d\" data-element_type=\"widget\" data-widget_type=\"heading.default\">\n\t\t\t\t\t<h1 class=\"elementor-heading-title elementor-size-default\">POL\u00cdTICA DE PRIVACIDAD<\/h1>\t\t\t\t<\/div>\n\t\t\t\t<div class=\"elementor-element elementor-element-5aeeb81 elementor-widget elementor-widget-heading\" data-id=\"5aeeb81\" data-element_type=\"widget\" data-widget_type=\"heading.default\">\n\t\t\t\t\t<h2 class=\"elementor-heading-title elementor-size-default\">1. INFORMACI\u00d3N AL USUARIO<\/h2>\t\t\t\t<\/div>\n\t\t\t\t<div class=\"elementor-element elementor-element-68a2090 elementor-widget elementor-widget-text-editor\" data-id=\"68a2090\" data-element_type=\"widget\" data-widget_type=\"text-editor.default\">\n\t\t\t\t\t\t\t\t\t<p>de conformidad con lo dispuesto en el Reglamento (UE) 2016\/679 de 27 de abril de 2016 (RGPD) y a\u00a0la Ley Org\u00e1nica 3\/2018 de 5 de diciembre de Protecci\u00f3n de Datos Personales y garant\u00eda de los\u00a0derechos digitales, se le informa de la identidad del Responsable del tratamiento, la finalidad del\u00a0tratamiento, la legitimaci\u00f3n para el tratamiento de sus datos, las categor\u00edas de destinatarios de\u00a0cesiones de sus datos (si los hubiere), la procedencia de sus datos tratados si esta fuera distinta a su\u00a0entrega voluntaria y los derechos que como interesado le asisten.<\/p>\t\t\t\t\t\t\t\t<\/div>\n\t\t\t\t<div class=\"elementor-element elementor-element-2a43add elementor-widget elementor-widget-heading\" data-id=\"2a43add\" data-element_type=\"widget\" data-widget_type=\"heading.default\">\n\t\t\t\t\t<h2 class=\"elementor-heading-title elementor-size-default\">2. INFORMACION REFERIDA AL RESPONSABLE DEL TRATAMIENTO<\/h2>\t\t\t\t<\/div>\n\t\t\t\t<div class=\"elementor-element elementor-element-051e96c elementor-widget elementor-widget-text-editor\" data-id=\"051e96c\" data-element_type=\"widget\" data-widget_type=\"text-editor.default\">\n\t\t\t\t\t\t\t\t\t<p>Nombre del Responsable: Real Estate Paradise Mallorca S.L.U<br \/>N.I.F.: B57854432<br \/>Domicilio completo: CALLE RAIXA, n\u00famero 15, bloque 8, piso BAJOS D, - 07013 Palma (Illes Balears)<br \/>Correo electr\u00f3nico de contacto: info@javierjames.com.<\/p>\t\t\t\t\t\t\t\t<\/div>\n\t\t\t\t<div class=\"elementor-element elementor-element-6736a08 elementor-widget elementor-widget-heading\" data-id=\"6736a08\" data-element_type=\"widget\" data-widget_type=\"heading.default\">\n\t\t\t\t\t<h2 class=\"elementor-heading-title elementor-size-default\">3. INFORMACION REFERIDA A LA FINALIDAD Y LEGITIMACION DEL TRATAMIENTO<\/h2>\t\t\t\t<\/div>\n\t\t\t\t<div class=\"elementor-element elementor-element-e959ec6 elementor-widget elementor-widget-text-editor\" data-id=\"e959ec6\" data-element_type=\"widget\" data-widget_type=\"text-editor.default\">\n\t\t\t\t\t\t\t\t\t<p>Las operaciones previstas para realizar el tratamiento son:<br \/>Por inter\u00e9s leg\u00edtimo del Responsable:<br \/>Gesti\u00f3n econ\u00f3mica y contable, gesti\u00f3n fiscal, gesti\u00f3n administrativa, gesti\u00f3n de facturaci\u00f3n,\u00a0gesti\u00f3n de clientes y proveedores, gesti\u00f3n de cobros pagos y servicios relacionados, hist\u00f3rico de\u00a0relaciones comerciales, cumplimiento de las medidas de diligencia debida de la Ley 10\/2010 de\u00a0Prevenci\u00f3n del Blanqueo de Capitales y la Financiaci\u00f3n del Terrorismo.<br \/>Por consentimiento expreso, inequ\u00edvoco e informado del interesado:<br \/>Todas las tramitaciones necesarias para la formalizaci\u00f3n de la compra venta de bienes\u00a0inmuebles.<br \/>Remisi\u00f3n de comunicaciones comerciales publicitarias por email, fax, SMS, MMS,\u00a0comunidades sociales o cualquier otro medio electr\u00f3nico o f\u00edsico, presente o futuro, que\u00a0posibilite realizar comunicaciones comerciales. Estas comunicaciones ser\u00e1n realizadas por el\u00a0RESPONSABLE y relacionadas sobre sus productos y servicios, o de sus colaboradores o\u00a0proveedores con los que \u00e9ste haya alcanzado alg\u00fan acuerdo de promoci\u00f3n. En este caso, los\u00a0terceros nunca tendr\u00e1n acceso a los datos personales.<br \/>Realizar estudios estad\u00edsticos.<br \/>Tramitar encargos, solicitudes o cualquier tipo de petici\u00f3n que sea realizada por el usuario a\u00a0trav\u00e9s de cualquiera de las formas de contacto que se ponen a su disposici\u00f3n.<br \/>Remitir el bolet\u00edn de noticias de la p\u00e1gina web.<br \/>Criterios de conservaci\u00f3n de los datos: Los datos ser\u00e1n conservados en tanto dure la relaci\u00f3n\u00a0comercial entre las partes. Una vez finalizada dicha relaci\u00f3n comercial, los datos ser\u00e1n bloqueados a\u00a0fin de impedir la posibilidad de acceso, desbloque\u00e1ndose \u00fanicamente en el caso de que dichos datos\u00a0le fueran requeridos al Responsable del tratamiento por alguna autoridad legal (fiscal, mercantil, laboral\u00a0o judicial) y esto solo hasta la fecha de caducidad o prescripci\u00f3n legales. Siendo posteriormente destruidos convenientemente y con las garant\u00edas adecuadas para imposibilitar su recuperaci\u00f3n.<\/p>\t\t\t\t\t\t\t\t<\/div>\n\t\t\t\t<div class=\"elementor-element elementor-element-c7e2c38 elementor-widget elementor-widget-heading\" data-id=\"c7e2c38\" data-element_type=\"widget\" data-widget_type=\"heading.default\">\n\t\t\t\t\t<h2 class=\"elementor-heading-title elementor-size-default\">4. INFORMACI\u00d3N REFERIDA A LA CESI\u00d3N O COMUNICACI\u00d3N DE DATOS<\/h2>\t\t\t\t<\/div>\n\t\t\t\t<div class=\"elementor-element elementor-element-dc26b45 elementor-widget elementor-widget-text-editor\" data-id=\"dc26b45\" data-element_type=\"widget\" data-widget_type=\"text-editor.default\">\n\t\t\t\t\t\t\t\t\t<p>Los datos personales podr\u00e1n ser cedidos para el mantenimiento de la relaci\u00f3n comercial y\/o para la\u00a0ejecuci\u00f3n de operaciones, a Asesor\u00eda Fiscal, Contable, Mercantil, Bancos, Cajas y Entidades\u00a0Financieras, Organismos Tributarios y otros Organismo P\u00fablicos competentes, Notarios y Registros de\u00a0la Propiedad, Otros intermediarios en la compra y venta de bienes inmuebles. No se comunicar\u00e1n los\u00a0datos a otros terceros, salvo obligaci\u00f3n legal. No se efect\u00faan transmisiones de datos a terceros pa\u00edses\u00a0fuera del Espacio Econ\u00f3mico Europeo ni a Organizaciones Internacionales.<\/p>\t\t\t\t\t\t\t\t<\/div>\n\t\t\t\t<div class=\"elementor-element elementor-element-661977e elementor-widget elementor-widget-heading\" data-id=\"661977e\" data-element_type=\"widget\" data-widget_type=\"heading.default\">\n\t\t\t\t\t<h2 class=\"elementor-heading-title elementor-size-default\">5. INFORMACI\u00d3N REFERIDA A LOS DERECHOS DEL INTERESADO Y LA FORMA DE EJERCERLOS<\/h2>\t\t\t\t<\/div>\n\t\t\t\t<div class=\"elementor-element elementor-element-3615581 elementor-widget elementor-widget-text-editor\" data-id=\"3615581\" data-element_type=\"widget\" data-widget_type=\"text-editor.default\">\n\t\t\t\t\t\t\t\t\t<p>Derechos que asisten al Usuario y forma de ejercerlos:<br \/>El interesado tiene derecho a: Acceder a sus datos, a que se rectifiquen sus datos, a que se supriman\u00a0sus datos, a la portabilidad de sus datos, a la limitaci\u00f3n en el tratamiento de sus datos, a oponerse al\u00a0tratamiento de sus datos, a retirar el consentimiento prestado, a presentar una reclamaci\u00f3n ante la\u00a0Autoridad de Control, a interponer un recurso judicial.<br \/>Puede ejercer estos derechos mediante un escrito razonado, dirigido al Responsable del Tratamiento o\u00a0a su representante especificando el derecho que desea ejercitar, acompa\u00f1ado de una fotocopia de su\u00a0documento de identificaci\u00f3n. Tambi\u00e9n podr\u00e1 solicitar previamente al Responsable del tratamiento que\u00a0le sea facilitado un impreso tipo para el derecho que desea ejercitar.<br \/>El ejercicio de derechos no acarrear\u00e1 ning\u00fan coste de gesti\u00f3n para el interesado, exceptuando los\u00a0costes de franqueo si optara por remitirlo por correo postal.<br \/>Podr\u00e1 ejercitar sus derechos:<br \/>Personalmente en los locales del Responsable del tratamiento identific\u00e1ndose con su DNI o\u00a0documento equivalente.<br \/>A trav\u00e9s de correo electr\u00f3nico dirigido al que figura en el apartado de la identificaci\u00f3n del\u00a0Responsable del tratamiento y acompa\u00f1ando fotocopia de su DNI o documento equivalente.<br \/>A trav\u00e9s de correo postal (preferiblemente certificado) dirigido al domicilio que figura en el\u00a0apartado de la identificaci\u00f3n del Responsable del tratamiento y acompa\u00f1ando fotocopia de su\u00a0DNI o documento equivalente.<br \/>Datos de contacto para ejercer sus derechos:<br \/>CALLE RAIXA, n\u00famero 15, bloque 8, piso BAJOS D, - 07013 Palma (Illes Balears),<br \/>info@javierjames.com<\/p>\t\t\t\t\t\t\t\t<\/div>\n\t\t\t\t<div class=\"elementor-element elementor-element-70394ff elementor-widget elementor-widget-heading\" data-id=\"70394ff\" data-element_type=\"widget\" data-widget_type=\"heading.default\">\n\t\t\t\t\t<h2 class=\"elementor-heading-title elementor-size-default\">6. CAR\u00c1CTER OBLIGATORIO O FACULTATIVO DE LA INFORMACI\u00d3N FACILITADA POR EL USUARIO<\/h2>\t\t\t\t<\/div>\n\t\t\t\t<div class=\"elementor-element elementor-element-4c0f9e9 elementor-widget elementor-widget-text-editor\" data-id=\"4c0f9e9\" data-element_type=\"widget\" data-widget_type=\"text-editor.default\">\n\t\t\t\t\t\t\t\t\t<p>Los Usuarios, mediante la marcaci\u00f3n de las casillas correspondientes y entrada de datos en los\u00a0campos, marcados con un asterisco (*) en el formulario de contacto o presentados en formularios de\u00a0descarga, aceptan expresamente y de forma libre e inequ\u00edvoca, que sus datos son necesarios para\u00a0atender su petici\u00f3n, por parte del prestador, siendo voluntaria la inclusi\u00f3n de datos en los campos\u00a0restantes. El Usuario garantiza que los datos personales facilitados al RESPONSABLE son veraces y\u00a0se hace responsable de comunicar cualquier modificaci\u00f3n de los mismos.\u00a0El RESPONSABLE informa y garantiza expresamente a los usuarios que sus datos personales no\u00a0ser\u00e1n cedidos en ning\u00fan caso a terceros, y que siempre que realizara alg\u00fan tipo de cesi\u00f3n de datos\u00a0personales, se pedir\u00e1 previamente el consentimiento expreso, informado e inequ\u00edvoco por parte los\u00a0Usuarios. Todos los datos solicitados a trav\u00e9s del sitio web son obligatorios, ya que son necesarios\u00a0para la prestaci\u00f3n de un servicio \u00f3ptimo al Usuario. En caso de que no sean facilitados todos los datos,\u00a0no se garantiza que la informaci\u00f3n y servicios facilitados sean completamente ajustados a sus\u00a0necesidades.<\/p>\t\t\t\t\t\t\t\t<\/div>\n\t\t\t\t<div class=\"elementor-element elementor-element-2f74477 elementor-widget elementor-widget-heading\" data-id=\"2f74477\" data-element_type=\"widget\" data-widget_type=\"heading.default\">\n\t\t\t\t\t<h2 class=\"elementor-heading-title elementor-size-default\">7. MEDIDAS DE SEGURIDAD<\/h2>\t\t\t\t<\/div>\n\t\t\t\t<div class=\"elementor-element elementor-element-140ee7c elementor-widget elementor-widget-text-editor\" data-id=\"140ee7c\" data-element_type=\"widget\" data-widget_type=\"text-editor.default\">\n\t\t\t\t\t\t\t\t\t<p>Que de conformidad con lo dispuesto en las normativas vigentes en protecci\u00f3n de datos personales, el\u00a0RESPONSABLE est\u00e1 cumpliendo con todas las disposiciones de las normativas RGPDpara el\u00a0tratamiento de los datos personales de su responsabilidad, y manifiestamente con los principios\u00a0descritos en el art\u00edculo 5 del RGPD, por los cuales son tratados de manera l\u00edcita, leal y transparente en\u00a0relaci\u00f3n con el interesado y adecuados, pertinentes y limitados a lo necesario en relaci\u00f3n con los fines\u00a0para los que son tratados.\u00a0El RESPONSABLE garantiza que ha implementado pol\u00edticas t\u00e9cnicas y organizativas apropiadas para\u00a0aplicar las medidas de seguridad que establecen el RGPD con el fin de proteger los derechos y\u00a0libertades de los Usuarios y les ha comunicado la informaci\u00f3n adecuada para que puedan ejercerlos.<\/p>\t\t\t\t\t\t\t\t<\/div>\n\t\t\t\t\t<\/div>\n\t\t<\/div>\n\t\t\t\t\t<\/div>\n\t\t<\/section>\n\t\t\t\t<\/div>\n\t\t","protected":false},"excerpt":{"rendered":"<p>POL\u00cdTICA DE PRIVACIDAD 1. INFORMACI\u00d3N AL USUARIO de conformidad con lo dispuesto en el Reglamento (UE) 2016\/679 de 27 de abril de 2016 (RGPD) y a\u00a0la Ley Org\u00e1nica 3\/2018 de 5 de diciembre de Protecci\u00f3n de Datos Personales y garant\u00eda de los\u00a0derechos digitales, se le informa de la identidad del Responsable del tratamiento, la finalidad [&hellip;]<\/p>\n","protected":false},"author":5,"featured_media":0,"parent":0,"menu_order":0,"comment_status":"closed","ping_status":"closed","template":"","meta":{"site-sidebar-layout":"no-sidebar","site-content-layout":"page-builder","ast-site-content-layout":"default","site-content-style":"default","site-sidebar-style":"default","ast-global-header-display":"","ast-banner-title-visibility":"","ast-main-header-display":"","ast-hfb-above-header-display":"","ast-hfb-below-header-display":"","ast-hfb-mobile-header-display":"","site-post-title":"disabled","ast-breadcrumbs-content":"","ast-featured-img":"disabled","footer-sml-layout":"","theme-transparent-header-meta":"default","adv-header-id-meta":"","stick-header-meta":"default","header-above-stick-meta":"","header-main-stick-meta":"","header-below-stick-meta":"","astra-migrate-meta-layouts":"default","ast-page-background-enabled":"default","ast-page-background-meta":{"desktop":{"background-color":"","background-image":"","background-repeat":"repeat","background-position":"center center","background-size":"auto","background-attachment":"scroll","background-type":"","background-media":"","overlay-type":"","overlay-color":"","overlay-opacity":"","overlay-gradient":""},"tablet":{"background-color":"","background-image":"","background-repeat":"repeat","background-position":"center center","background-size":"auto","background-attachment":"scroll","background-type":"","background-media":"","overlay-type":"","overlay-color":"","overlay-opacity":"","overlay-gradient":""},"mobile":{"background-color":"","background-image":"","background-repeat":"repeat","background-position":"center center","background-size":"auto","background-attachment":"scroll","background-type":"","background-media":"","overlay-type":"","overlay-color":"","overlay-opacity":"","overlay-gradient":""}},"ast-content-background-meta":{"desktop":{"background-color":"var(--ast-global-color-5)","background-image":"","background-repeat":"repeat","background-position":"center center","background-size":"auto","background-attachment":"scroll","background-type":"","background-media":"","overlay-type":"","overlay-color":"","overlay-opacity":"","overlay-gradient":""},"tablet":{"background-color":"var(--ast-global-color-5)","background-image":"","background-repeat":"repeat","background-position":"center center","background-size":"auto","background-attachment":"scroll","background-type":"","background-media":"","overlay-type":"","overlay-color":"","overlay-opacity":"","overlay-gradient":""},"mobile":{"background-color":"var(--ast-global-color-5)","background-image":"","background-repeat":"repeat","background-position":"center center","background-size":"auto","background-attachment":"scroll","background-type":"","background-media":"","overlay-type":"","overlay-color":"","overlay-opacity":"","overlay-gradient":""}},"footnotes":""},"class_list":["post-6023","page","type-page","status-publish","hentry"],"_links":{"self":[{"href":"https:\/\/javierjames.com\/es\/wp-json\/wp\/v2\/pages\/6023","targetHints":{"allow":["GET"]}}],"collection":[{"href":"https:\/\/javierjames.com\/es\/wp-json\/wp\/v2\/pages"}],"about":[{"href":"https:\/\/javierjames.com\/es\/wp-json\/wp\/v2\/types\/page"}],"author":[{"embeddable":true,"href":"https:\/\/javierjames.com\/es\/wp-json\/wp\/v2\/users\/5"}],"replies":[{"embeddable":true,"href":"https:\/\/javierjames.com\/es\/wp-json\/wp\/v2\/comments?post=6023"}],"version-history":[{"count":0,"href":"https:\/\/javierjames.com\/es\/wp-json\/wp\/v2\/pages\/6023\/revisions"}],"wp:attachment":[{"href":"https:\/\/javierjames.com\/es\/wp-json\/wp\/v2\/media?parent=6023"}],"curies":[{"name":"wp","href":"https:\/\/api.w.org\/{rel}","templated":true}]}}